


{"id":7,"date":"2011-07-21T07:13:19","date_gmt":"2011-07-21T07:13:19","guid":{"rendered":"http:\/\/team.inria.fr\/tagada1\/?page_id=7"},"modified":"2018-07-02T13:35:27","modified_gmt":"2018-07-02T11:35:27","slug":"job-offers","status":"publish","type":"page","link":"https:\/\/www-tagada.irisa.fr\/fr\/job-offers\/","title":{"rendered":"Offres d&#8217;emploi"},"content":{"rendered":"<p><\/p>\n<blockquote><p>Vous pouvez utiliser notre plugin pour afficher ici les offres saisies dans le service <a href=\"http:\/\/jobs.inria.fr\">Jobin <\/a>.<\/p><\/blockquote>\n<p><a href=\"https:\/\/wiki.inria.fr\/support\/Ins%C3%A9rer_offres_emploi_sur_un_site_wordpress\">online documentation<\/a><\/p>\n<p>Un exemple :<\/p>\n<blockquote><p>Vous pouvez \u00e9galement saisir du texte libre en HTML ou du teste format\u00e9 en utilisant l&rsquo;\u00e9diteur visuel.<\/p><\/blockquote>\n<p><\/span><\/p>\n<li>\n<h3>Th\u00e8se<\/h3>\n<p>Description de l&rsquo;offre.<\/p>\n<li>\n<h3>Postdoc<\/h3>\n<p>Description de l&rsquo;offre.<\/p>","protected":false},"excerpt":{"rendered":"<p>Vous pouvez utiliser notre plugin pour afficher ici les offres saisies dans le service Jobin . online documentation Un exemple : Vous pouvez \u00e9galement saisir du texte libre en HTML ou du teste format\u00e9 en utilisant l&rsquo;\u00e9diteur visuel. Th\u00e8se Description de l&rsquo;offre. Postdoc Description de l&rsquo;offre.<\/p>\n<p> <a class=\"continue-reading-link\" href=\"https:\/\/www-tagada.irisa.fr\/fr\/job-offers\/\"><span>Lire la suite<\/span><i class=\"crycon-right-dir\"><\/i><\/a> <\/p>\n","protected":false},"author":1,"featured_media":0,"parent":0,"menu_order":0,"comment_status":"closed","ping_status":"open","template":"","meta":{"footnotes":""},"class_list":["post-7","page","type-page","status-publish","hentry"],"_links":{"self":[{"href":"https:\/\/www-tagada.irisa.fr\/fr\/wp-json\/wp\/v2\/pages\/7","targetHints":{"allow":["GET"]}}],"collection":[{"href":"https:\/\/www-tagada.irisa.fr\/fr\/wp-json\/wp\/v2\/pages"}],"about":[{"href":"https:\/\/www-tagada.irisa.fr\/fr\/wp-json\/wp\/v2\/types\/page"}],"author":[{"embeddable":true,"href":"https:\/\/www-tagada.irisa.fr\/fr\/wp-json\/wp\/v2\/users\/1"}],"replies":[{"embeddable":true,"href":"https:\/\/www-tagada.irisa.fr\/fr\/wp-json\/wp\/v2\/comments?post=7"}],"version-history":[{"count":17,"href":"https:\/\/www-tagada.irisa.fr\/fr\/wp-json\/wp\/v2\/pages\/7\/revisions"}],"predecessor-version":[{"id":663,"href":"https:\/\/www-tagada.irisa.fr\/fr\/wp-json\/wp\/v2\/pages\/7\/revisions\/663"}],"wp:attachment":[{"href":"https:\/\/www-tagada.irisa.fr\/fr\/wp-json\/wp\/v2\/media?parent=7"}],"curies":[{"name":"wp","href":"https:\/\/api.w.org\/{rel}","templated":true}]}}