


{"id":4,"date":"2011-07-21T07:09:18","date_gmt":"2011-07-21T07:09:18","guid":{"rendered":"http:\/\/team.inria.fr\/tagada1\/?page_id=4"},"modified":"2026-04-07T09:54:13","modified_gmt":"2026-04-07T07:54:13","slug":"contact","status":"publish","type":"page","link":"https:\/\/www-tagada.irisa.fr\/fr\/contact\/","title":{"rendered":"Contacts"},"content":{"rendered":"<p><\/p>\n<h2>Adresse<\/h2>\n<h2>Chef de Projet<\/h2>\n<blockquote><p>\nnom:<br \/>\nm\u00e9l:<br \/>\nt\u00e9l:\n<\/p><\/blockquote>\n<h2>Assistante<\/h2>\n<blockquote><p>\nnom:<br \/>\nm\u00e9l:<br \/>\nt\u00e9l:\n<\/p><\/blockquote>\n<p><\/p>","protected":false},"excerpt":{"rendered":"<p>Adresse Chef de Projet nom: m\u00e9l: t\u00e9l: Assistante nom: m\u00e9l: t\u00e9l:<\/p>\n<p> <a class=\"continue-reading-link\" href=\"https:\/\/www-tagada.irisa.fr\/fr\/contact\/\"><span>Lire la suite<\/span><i class=\"crycon-right-dir\"><\/i><\/a> <\/p>\n","protected":false},"author":1,"featured_media":0,"parent":0,"menu_order":0,"comment_status":"closed","ping_status":"open","template":"","meta":{"footnotes":""},"class_list":["post-4","page","type-page","status-publish","hentry"],"_links":{"self":[{"href":"https:\/\/www-tagada.irisa.fr\/fr\/wp-json\/wp\/v2\/pages\/4","targetHints":{"allow":["GET"]}}],"collection":[{"href":"https:\/\/www-tagada.irisa.fr\/fr\/wp-json\/wp\/v2\/pages"}],"about":[{"href":"https:\/\/www-tagada.irisa.fr\/fr\/wp-json\/wp\/v2\/types\/page"}],"author":[{"embeddable":true,"href":"https:\/\/www-tagada.irisa.fr\/fr\/wp-json\/wp\/v2\/users\/1"}],"replies":[{"embeddable":true,"href":"https:\/\/www-tagada.irisa.fr\/fr\/wp-json\/wp\/v2\/comments?post=4"}],"version-history":[{"count":5,"href":"https:\/\/www-tagada.irisa.fr\/fr\/wp-json\/wp\/v2\/pages\/4\/revisions"}],"predecessor-version":[{"id":675,"href":"https:\/\/www-tagada.irisa.fr\/fr\/wp-json\/wp\/v2\/pages\/4\/revisions\/675"}],"wp:attachment":[{"href":"https:\/\/www-tagada.irisa.fr\/fr\/wp-json\/wp\/v2\/media?parent=4"}],"curies":[{"name":"wp","href":"https:\/\/api.w.org\/{rel}","templated":true}]}}