


{"id":22,"date":"2011-07-21T07:18:23","date_gmt":"2011-07-21T07:18:23","guid":{"rendered":"http:\/\/team.inria.fr\/tagada1\/?page_id=22"},"modified":"2026-04-07T09:49:47","modified_gmt":"2026-04-07T07:49:47","slug":"team-members","status":"publish","type":"page","link":"https:\/\/www-tagada.irisa.fr\/fr\/team-members\/","title":{"rendered":"Membre de l&rsquo;\u00e9quipe"},"content":{"rendered":"<blockquote>Vous pouvez utiliser notre plugin pour ins\u00e9rer la liste des membres saisie dans votre <a href=\"http:\/\/raweb.inria.fr\">rapport d&rsquo;activit\u00e9<\/a>. Attention le rapport d&rsquo;activit\u00e9 n&rsquo;existant qu&rsquo;en anglais la liste g\u00e9n\u00e9r\u00e9e sera \u00e9galement en anglais.\r\n\r\n<a href=\"https:\/\/wiki.inria.fr\/support\/Ajouter_les_informations_des_membres_d%27une_%C3%A9quipe_sur_un_site_Wordpress\">online documentation<\/a>\r\n\r\nExemple pour l&rsquo;\u00e9quipe : <a href=\"http:\/\/raweb.inria.fr\/rapportsactivite\/RA2013\/reo\/uid1.html\">reo<\/a><\/blockquote>\r\n\r\nNo reports of activity was found for this team.\r\n\r\n<blockquote>Vous pouvez r\u00e9diger cette page comme bon vous semble avec eds balises HTML depuis l&rsquo;\u00e9diteur de texte ou directement depuis l&rsquo;\u00e9diteur visuel.<\/blockquote>\r\n\r\n<h2>Chef d&rsquo;\u00e9quipe<\/h2>\r\n<h3>\r\nresponsable\r\n<\/h3>\r\n\r\n<h2>Chercheurs<\/h2>\r\n\r\n<li>chercheur 1\r\n<li>chercheur 2\r\n\r\n\r\n<h2>Ing\u00e9nieurs<\/h2>\r\n\r\n<li>ing\u00e9nieur 1\r\n<li>ing\u00e9nieur 2\r\n\r\n\r\n<h2>Th\u00e9sards<\/h2>\r\n\r\n<li>\u00e9tudiant 1\r\n<li>\u00e9tudiant  2","protected":false},"excerpt":{"rendered":"<p>D\u00e9sol\u00e9, cet article est seulement disponible en English.<\/p>\n<p> <a class=\"continue-reading-link\" href=\"https:\/\/www-tagada.irisa.fr\/fr\/team-members\/\"><span>Lire la suite<\/span><i class=\"crycon-right-dir\"><\/i><\/a> <\/p>\n","protected":false},"author":1,"featured_media":0,"parent":0,"menu_order":0,"comment_status":"closed","ping_status":"open","template":"","meta":{"footnotes":""},"class_list":["post-22","page","type-page","status-publish","hentry"],"_links":{"self":[{"href":"https:\/\/www-tagada.irisa.fr\/fr\/wp-json\/wp\/v2\/pages\/22","targetHints":{"allow":["GET"]}}],"collection":[{"href":"https:\/\/www-tagada.irisa.fr\/fr\/wp-json\/wp\/v2\/pages"}],"about":[{"href":"https:\/\/www-tagada.irisa.fr\/fr\/wp-json\/wp\/v2\/types\/page"}],"author":[{"embeddable":true,"href":"https:\/\/www-tagada.irisa.fr\/fr\/wp-json\/wp\/v2\/users\/1"}],"replies":[{"embeddable":true,"href":"https:\/\/www-tagada.irisa.fr\/fr\/wp-json\/wp\/v2\/comments?post=22"}],"version-history":[{"count":24,"href":"https:\/\/www-tagada.irisa.fr\/fr\/wp-json\/wp\/v2\/pages\/22\/revisions"}],"predecessor-version":[{"id":673,"href":"https:\/\/www-tagada.irisa.fr\/fr\/wp-json\/wp\/v2\/pages\/22\/revisions\/673"}],"wp:attachment":[{"href":"https:\/\/www-tagada.irisa.fr\/fr\/wp-json\/wp\/v2\/media?parent=22"}],"curies":[{"name":"wp","href":"https:\/\/api.w.org\/{rel}","templated":true}]}}