


{"id":13,"date":"2011-07-21T07:14:51","date_gmt":"2011-07-21T07:14:51","guid":{"rendered":"http:\/\/team.inria.fr\/tagada1\/?page_id=13"},"modified":"2026-04-07T13:40:27","modified_gmt":"2026-04-07T11:40:27","slug":"presentation","status":"publish","type":"page","link":"https:\/\/www-tagada.irisa.fr\/fr\/","title":{"rendered":"Pr\u00e9sentation"},"content":{"rendered":"<blockquote>Vous pouvez utiliser notre plugin pour ins\u00e9rer la description de l&rsquo;\u00e9quipe saisie dans <a href=\"http:\/\/bastri.inria.fr\">bastri <\/a>.\r\n\r\nExemple pour l&rsquo;\u00e9quipe : <a href=\"https:\/\/bastri.inria.fr\/FichesEquipes\/structurerecherche\/show\/SR0585PR\">fun<\/a>\r\n\r\n<a href=\"https:\/\/wiki.inria.fr\/support\/Ajouter_la_pr%C3%A9sentation_d%27une_%C3%A9quipe_dans_un_site_Wordpress\">online documentation<\/a>\r\n\r\n<\/blockquote>\r\n\r\nCette \u00e9quipe n&rsquo;a pas \u00e9t\u00e9 trouv\u00e9 dans la liste des \u00e9quipes d&rsquo;INRIA, veuillez contacter la direction de recherche ou d\u00e9sactiver ce plugin.\r\n\r\n<blockquote>Vous pouvez r\u00e9diger cette page comme bon vous semble avec eds balises HTML depuis l&rsquo;\u00e9diteur de texte ou directement depuis l&rsquo;\u00e9diteur visuel.<\/blockquote>\r\n<h2>Introduction<\/h2>\r\nLa description de l&rsquo;\u00e9quipe.\r\n<h2>Axes de recherche<\/h2>\r\n<blockquote>\r\n<ul>\r\n\t<li>\u00e9l\u00e9ment 1<\/li>\r\n\t<li>\u00e9l\u00e9men 2<\/li>\r\n\t<li>\u00e9lement 3<\/li>\r\n<\/ul>\r\n<\/blockquote>","protected":false},"excerpt":{"rendered":"<p>Vous pouvez utiliser notre plugin pour ins\u00e9rer la description de l&rsquo;\u00e9quipe saisie dans bastri . Exemple pour l&rsquo;\u00e9quipe : fun online documentation Cette \u00e9quipe n&rsquo;a pas \u00e9t\u00e9 trouv\u00e9 dans la liste des \u00e9quipes d&rsquo;INRIA, veuillez contacter la direction de recherche ou d\u00e9sactiver ce plugin. Vous pouvez r\u00e9diger cette page comme\u2026<\/p>\n<p> <a class=\"continue-reading-link\" href=\"https:\/\/www-tagada.irisa.fr\/fr\/\"><span>Lire la suite<\/span><i class=\"crycon-right-dir\"><\/i><\/a> <\/p>\n","protected":false},"author":1,"featured_media":0,"parent":0,"menu_order":0,"comment_status":"closed","ping_status":"open","template":"","meta":{"footnotes":""},"class_list":["post-13","page","type-page","status-publish","hentry"],"_links":{"self":[{"href":"https:\/\/www-tagada.irisa.fr\/fr\/wp-json\/wp\/v2\/pages\/13","targetHints":{"allow":["GET"]}}],"collection":[{"href":"https:\/\/www-tagada.irisa.fr\/fr\/wp-json\/wp\/v2\/pages"}],"about":[{"href":"https:\/\/www-tagada.irisa.fr\/fr\/wp-json\/wp\/v2\/types\/page"}],"author":[{"embeddable":true,"href":"https:\/\/www-tagada.irisa.fr\/fr\/wp-json\/wp\/v2\/users\/1"}],"replies":[{"embeddable":true,"href":"https:\/\/www-tagada.irisa.fr\/fr\/wp-json\/wp\/v2\/comments?post=13"}],"version-history":[{"count":38,"href":"https:\/\/www-tagada.irisa.fr\/fr\/wp-json\/wp\/v2\/pages\/13\/revisions"}],"predecessor-version":[{"id":704,"href":"https:\/\/www-tagada.irisa.fr\/fr\/wp-json\/wp\/v2\/pages\/13\/revisions\/704"}],"wp:attachment":[{"href":"https:\/\/www-tagada.irisa.fr\/fr\/wp-json\/wp\/v2\/media?parent=13"}],"curies":[{"name":"wp","href":"https:\/\/api.w.org\/{rel}","templated":true}]}}